{"id":21725,"date":"2024-02-02T09:37:33","date_gmt":"2024-02-02T09:37:33","guid":{"rendered":"https:\/\/www.buniq.it\/?page_id=21725"},"modified":"2024-03-19T11:18:59","modified_gmt":"2024-03-19T11:18:59","slug":"gdpr-policy","status":"publish","type":"page","link":"https:\/\/www.buniq.it\/it\/gdpr-policy\/","title":{"rendered":"GDPR Policy"},"content":{"rendered":"<div data-elementor-type=\"wp-page\" data-elementor-id=\"21725\" class=\"elementor elementor-21725\">\n\t\t\t\t<div class=\"elementor-element elementor-element-83b633b e-flex e-con-boxed e-con e-parent\" data-id=\"83b633b\" data-element_type=\"container\" data-core-v316-plus=\"true\">\n\t\t\t\t\t<div class=\"e-con-inner\">\n\t\t\t\t<div class=\"elementor-element elementor-element-03013ca elementor-widget elementor-widget-spacer\" data-id=\"03013ca\" data-element_type=\"widget\" data-widget_type=\"spacer.default\">\n\t\t\t\t<div class=\"elementor-widget-container\">\n\t\t\t<style>\/*! elementor - v3.20.0 - 26-03-2024 *\/\n.elementor-column .elementor-spacer-inner{height:var(--spacer-size)}.e-con{--container-widget-width:100%}.e-con-inner>.elementor-widget-spacer,.e-con>.elementor-widget-spacer{width:var(--container-widget-width,var(--spacer-size));--align-self:var(--container-widget-align-self,initial);--flex-shrink:0}.e-con-inner>.elementor-widget-spacer>.elementor-widget-container,.e-con>.elementor-widget-spacer>.elementor-widget-container{height:100%;width:100%}.e-con-inner>.elementor-widget-spacer>.elementor-widget-container>.elementor-spacer,.e-con>.elementor-widget-spacer>.elementor-widget-container>.elementor-spacer{height:100%}.e-con-inner>.elementor-widget-spacer>.elementor-widget-container>.elementor-spacer>.elementor-spacer-inner,.e-con>.elementor-widget-spacer>.elementor-widget-container>.elementor-spacer>.elementor-spacer-inner{height:var(--container-widget-height,var(--spacer-size))}.e-con-inner>.elementor-widget-spacer.elementor-widget-empty,.e-con>.elementor-widget-spacer.elementor-widget-empty{position:relative;min-height:22px;min-width:22px}.e-con-inner>.elementor-widget-spacer.elementor-widget-empty .elementor-widget-empty-icon,.e-con>.elementor-widget-spacer.elementor-widget-empty .elementor-widget-empty-icon{position:absolute;top:0;bottom:0;left:0;right:0;margin:auto;padding:0;width:22px;height:22px}<\/style>\t\t<div class=\"elementor-spacer\">\n\t\t\t<div class=\"elementor-spacer-inner\"><\/div>\n\t\t<\/div>\n\t\t\t\t<\/div>\n\t\t\t\t<\/div>\n\t\t\t\t<div class=\"elementor-element elementor-element-7d960a4 elementor-widget elementor-widget-tts\" data-id=\"7d960a4\" data-element_type=\"widget\" data-widget_type=\"tts.default\">\n\t\t\t\t<div class=\"elementor-widget-container\">\n\t\t\t\t\t\t\t\t<!-- title center -->\n\t\t\t\t\t<div class=\"tts text-center\">\n\t\t\t\t\t\t<div class=\"ttin\">\n\n\t\t\t\t\t\t\t<!-- icon position -->\n\t\t\t\t\t\t\t\t\n\t\t\t\t\t\t\t<!-- end icon position -->\n\t\t\t\t\t\t\t\t\t\t\t\t\t\n\t\t\t\t\t\t\t<!-- title top -->\n\t\t\t\t\t\t\t\n\n\t\t\t\t\t\t\t<!-- icon position -->\n\t\t\t\t\t\t\t\t\n\t\t\t\t\t\t\t<!-- end icon position -->\n\t\t\t\t\t\t\t\n\t\t\t\t\t\t\t<!-- title middle -->\n\t\t\t\t\t\t\t\t\t\t\t\t\t\t\t<h2 class=\"txbdstitle sttwo hlight\">GDPR policy<\/h2>\n\t\t\t\t\t\t\t\t\t\t\t\t\t\t<!-- title bottom -->\n\t\t\t\t\t\t\t\n\t\t\t\t\t\t\t\t\t\t\t\t\t\t\n\t\t\t\t\t\t\t<!-- image -->\n\t\t\t\t\t\t\t\t\t\t\t\t\t\t<!-- icon -->\n\t\t\t\t\t\t\t\t\t\t\t\t\t\t\n\t\t\t\t\t\t\t<!-- bar -->\n\t\t\t\t\t\t\t\t\t\t\t\t\t\t<!-- circle bar -->\n\t\t\t\t\t\t\t\t\t\t\t\t\t\t\n\t\t\t\t\t\t\t\t\n\t\t\t\t\t\t\t\n\t\t\t\t\t\t\t<!-- content -->\n\t\t\t\t\t\t\t\t\t\t\t\t\t\t\n\t\t\t\t\t\t<\/div>\n\t\t\t\t\t\t\t<!-- inner title -->\n\t\t\t\t\t\t\t\t\t\t\t\t\t\n\t\t\t\t\t<\/div>\n\n\t\t\t\t\t\t<\/div>\n\t\t\t\t<\/div>\n\t\t\t\t<div class=\"elementor-element elementor-element-d0b9119 elementor-widget elementor-widget-spacer\" data-id=\"d0b9119\" data-element_type=\"widget\" data-widget_type=\"spacer.default\">\n\t\t\t\t<div class=\"elementor-widget-container\">\n\t\t\t\t\t<div class=\"elementor-spacer\">\n\t\t\t<div class=\"elementor-spacer-inner\"><\/div>\n\t\t<\/div>\n\t\t\t\t<\/div>\n\t\t\t\t<\/div>\n\t\t\t\t\t<\/div>\n\t\t\t\t<\/div>\n\t\t<div class=\"elementor-element elementor-element-d4aebee e-flex e-con-boxed e-con e-parent\" data-id=\"d4aebee\" data-element_type=\"container\" data-core-v316-plus=\"true\">\n\t\t\t\t\t<div class=\"e-con-inner\">\n\t\t\t\t<div class=\"elementor-element elementor-element-477f2f4 elementor-widget elementor-widget-heading\" data-id=\"477f2f4\" data-element_type=\"widget\" data-widget_type=\"heading.default\">\n\t\t\t\t<div class=\"elementor-widget-container\">\n\t\t\t<style>\/*! elementor - v3.20.0 - 26-03-2024 *\/\n.elementor-heading-title{padding:0;margin:0;line-height:1}.elementor-widget-heading .elementor-heading-title[class*=elementor-size-]>a{color:inherit;font-size:inherit;line-height:inherit}.elementor-widget-heading .elementor-heading-title.elementor-size-small{font-size:15px}.elementor-widget-heading .elementor-heading-title.elementor-size-medium{font-size:19px}.elementor-widget-heading .elementor-heading-title.elementor-size-large{font-size:29px}.elementor-widget-heading .elementor-heading-title.elementor-size-xl{font-size:39px}.elementor-widget-heading .elementor-heading-title.elementor-size-xxl{font-size:59px}<\/style><h2 class=\"elementor-heading-title elementor-size-default\">BUNIQ e il GDPR<\/h2>\t\t<\/div>\n\t\t\t\t<\/div>\n\t\t\t\t<div class=\"elementor-element elementor-element-8efc2d9 elementor-widget elementor-widget-text-editor\" data-id=\"8efc2d9\" data-element_type=\"widget\" data-widget_type=\"text-editor.default\">\n\t\t\t\t<div class=\"elementor-widget-container\">\n\t\t\t<style>\/*! elementor - v3.20.0 - 26-03-2024 *\/\n.elementor-widget-text-editor.elementor-drop-cap-view-stacked .elementor-drop-cap{background-color:#69727d;color:#fff}.elementor-widget-text-editor.elementor-drop-cap-view-framed .elementor-drop-cap{color:#69727d;border:3px solid;background-color:transparent}.elementor-widget-text-editor:not(.elementor-drop-cap-view-default) .elementor-drop-cap{margin-top:8px}.elementor-widget-text-editor:not(.elementor-drop-cap-view-default) .elementor-drop-cap-letter{width:1em;height:1em}.elementor-widget-text-editor .elementor-drop-cap{float:left;text-align:center;line-height:1;font-size:50px}.elementor-widget-text-editor .elementor-drop-cap-letter{display:inline-block}<\/style>\t\t\t\t<p>Regolamento Generale sulla Protezione dei Dati per i servizi offerti da BUNIQ. Il Regolamento Europeo sulla protezione dei dati personali n. 679\/2016 (GDPR) ha lo scopo di modernizzare ed armonizzare la strategia di protezione dei dati in tutti i paesi dell\u2019Unione Europea. BUNIQ garantisce ai propri Clienti ed Utenti la corretta applicazione delle disposizioni del GDPR per i servizi offerti. Non \u00e8 solo la necessit\u00e0 di essere conformi agli standard del nuovo regolamento, ma anche il nostro impegno a garantire sempre la massima trasparenza nel trattamento e protezione dei dati. Di seguito \u00e8 riportata una panoramica delle principali misure che BUNIQ ha adottato in osservanza delle disposizioni del GDPR.<\/p>\t\t\t\t\t\t<\/div>\n\t\t\t\t<\/div>\n\t\t\t\t\t<\/div>\n\t\t\t\t<\/div>\n\t\t<div class=\"elementor-element elementor-element-c175301 e-flex e-con-boxed e-con e-parent\" data-id=\"c175301\" data-element_type=\"container\" data-core-v316-plus=\"true\">\n\t\t\t\t\t<div class=\"e-con-inner\">\n\t\t\t\t<div class=\"elementor-element elementor-element-f956fdc elementor-widget elementor-widget-heading\" data-id=\"f956fdc\" data-element_type=\"widget\" data-widget_type=\"heading.default\">\n\t\t\t\t<div class=\"elementor-widget-container\">\n\t\t\t<h2 class=\"elementor-heading-title elementor-size-default\">Come proteggiamo i dati: la tutela fisica<\/h2>\t\t<\/div>\n\t\t\t\t<\/div>\n\t\t\t\t<div class=\"elementor-element elementor-element-7926e68 elementor-widget elementor-widget-text-editor\" data-id=\"7926e68\" data-element_type=\"widget\" data-widget_type=\"text-editor.default\">\n\t\t\t\t<div class=\"elementor-widget-container\">\n\t\t\t\t\t\t\t<p>Sicurezza dei dati. I dati dei nostri Clienti e dei servizi sono conservati nei Data Center certificati ISO27001 dei nostri fornitori.\nLa collocazione delle strutture, principalmente sul territorio italiano, offre ai Clienti un\u2019ulteriore tutela per quanto riguarda la legislazione in materia di sicurezza e riservatezza dei dati aziendali. I Data Center sono supervisionati costantemente da personale altamente qualificato. Tutti i Data Center custodiscono le piattaforme tecnologiche per la fornitura dei servizi BUNIQ.<\/p>\t\t\t\t\t\t<\/div>\n\t\t\t\t<\/div>\n\t\t\t\t\t<\/div>\n\t\t\t\t<\/div>\n\t\t<div class=\"elementor-element elementor-element-348c12c e-flex e-con-boxed e-con e-parent\" data-id=\"348c12c\" data-element_type=\"container\" data-core-v316-plus=\"true\">\n\t\t\t\t\t<div class=\"e-con-inner\">\n\t\t\t\t<div class=\"elementor-element elementor-element-1ce16ff elementor-widget elementor-widget-heading\" data-id=\"1ce16ff\" data-element_type=\"widget\" data-widget_type=\"heading.default\">\n\t\t\t\t<div class=\"elementor-widget-container\">\n\t\t\t<h2 class=\"elementor-heading-title elementor-size-default\">Le misure organizzative per la tutela dei dati<\/h2>\t\t<\/div>\n\t\t\t\t<\/div>\n\t\t\t\t<div class=\"elementor-element elementor-element-03b0245 elementor-widget elementor-widget-text-editor\" data-id=\"03b0245\" data-element_type=\"widget\" data-widget_type=\"text-editor.default\">\n\t\t\t\t<div class=\"elementor-widget-container\">\n\t\t\t\t\t\t\t<p><strong>Informativa, nomine e protezione dei dati<\/strong><br \/>BUNIQ ha adottato misure organizzative finalizzate alla migliore tutela dei dati, provvedendo alle nomine dei soggetti coinvolti nel trattamento e alle loro specifiche istruzioni.\nTutte le informative e i moduli contrattuali sono stati oggetto di aggiornamento.<\/p><p>\u00a0<\/p><p><strong>BUNIQ come Titolare del Trattamento dei dati<\/strong><br \/>BUNIQ agisce in qualit\u00e0 di Titolare del trattamento dati quando determina le finalit\u00e0 e i mezzi del trattamento di dati personali. \u00c8 il caso in cui BUNIQ raccoglie i dati per la gestione contrattuale, per l\u2019attivazione dei servizi sottoscritti, per la fatturazione, per le richieste di assistenza tecnica.<\/p><p>\u00a0<\/p><p><strong>N4COM come Responsabile del Trattamento dei Dati<\/strong><br \/>BUNIQ agisce in qualit\u00e0 di Responsabile del trattamento dati quando tratta dati personali per conto di un Titolare del trattamento. \u00c8 il caso in cui un Cliente utilizza i servizi di BUNIQ e archivia i dati personali degli interessati sull\u2019infrastruttura di quest\u2019ultima. BUNIQ tratta i dati ospitati per conto dei Clienti in conformit\u00e0 alla normativa vigente.<\/p><p>\u00a0<\/p><p><strong>Responsabile della protezione dei dati<\/strong><br \/>BUNIQ, in ragione della propria attivit\u00e0, \u00e8 obbligata alla nomina del Responsabile della Protezione dei dati e, a tal fine, ha conferito il relativo incarico al Sig. Daniele Nobile. Il contatto del Responsabile della Protezione dei Dati \u00e8 dpo@buniq.it. \u2013 PEC daniele.nobile@pecbg.it.<\/p><p>\u00a0<\/p><p><strong>Dipendenti<\/strong><br \/>BUNIQ ha nominato tutti i dipendenti e collaboratori incaricati al trattamento dei dati, fornendo loro le necessarie istruzioni di trattamento. Inoltre, al fine di mantenere un adeguato aggiornamento, eroga corsi di formazione interni relativi alla normativa in materia di protezione dei dati personali e sensibilizza costantemente dipendenti e collaboratori sui temi della sicurezza e riservatezza dei dati trattati.<\/p><p>\u00a0<\/p><p><strong>Partner e Agenti<\/strong><br \/>BUNIQ&#8217;s network of Partner companies consists of ethical enterprises, founded on availability and transparency in their relationship with clients. Agents are professionals, trained and directly coordinated by BUNIQ, who assist Partners in promoting the sale of BUNIQ services within their Customer Base. The commercial collaboration between BUNIQ and its Partners and Agents involves the processing of client data by them, hence they are appointed as Data Processors (Article 28 of the GDPR) with all necessary instructions for correct processing.<\/p><p>\u00a0<\/p><p><strong>Fornitori<\/strong><br \/>N4COM si avvale di fornitori per la gestione e l\u2019erogazione di alcuni servizi (o parte di essi) che richiedono il trattamento dei dati dei propri Clienti. In tali circostanze, i fornitori sono designati Responsabili del trattamento dei dati (art. 28 del GDPR) e sono fornite loro le necessarie istruzioni per un corretto trattamento.<\/p><p>\u00a0<\/p><p><strong>Processi aziendali<\/strong><br \/>Tutti i processi aziendali e il sistema di gestione dei dati e delle informazioni sono costantemente aggiornati e migliorati per offrire sempre ai Clienti i pi\u00f9 alti livelli di sicurezza. BUNIQ applica il principio di incorporazione della \u201cPrivacy by design\u201d a partire dalla progettazione di un processo aziendale con le relative applicazioni informatiche di supporto.<\/p><p>\u00a0<\/p><p><strong>Trasferimenti dei dati verso paesi terzi<\/strong><br \/>BUNIQ non trasferisce i dati dei propri Clienti verso paesi terzi.<\/p><p>\u00a0<\/p><p><strong>Come agire per tutelare i propri dati personali<\/strong><br \/>Gli interessati hanno il diritto di ottenere dal Titolare del trattamento, nei casi previsti, l\u2019accesso ai dati personali e la rettifica o la cancellazione degli stessi, la limitazione del trattamento che li riguarda ovvero di opporsi al trattamento e il diritto alla portabilit\u00e0 dei dati (artt. 15 e ss. del Regolamento). \u00c8 possibile presentare apposita istanza al Titolare del trattamento dei dati o al Responsabile della Protezione dei dati sopra indicati.\nPer ulteriori informazioni e per scaricare il relativo modulo predisposto dal Garante per la Protezione dei dati personali consulta il sito: <a href=\"https:\/\/www.garanteprivacy.it\/home\/diritti\/come-agire-per-tutelare-i-tuoi-dati-personali\">https:\/\/www.garanteprivacy.it\/home\/diritti\/come-agire-per-tutelare-i-tuoi-dati-personali<\/a><\/p>\t\t\t\t\t\t<\/div>\n\t\t\t\t<\/div>\n\t\t\t\t\t<\/div>\n\t\t\t\t<\/div>\n\t\t<div class=\"elementor-element elementor-element-acf6b23 e-flex e-con-boxed e-con e-parent\" data-id=\"acf6b23\" data-element_type=\"container\" data-core-v316-plus=\"true\">\n\t\t\t\t\t<div class=\"e-con-inner\">\n\t\t\t\t<div class=\"elementor-element elementor-element-2fa3fc1 elementor-widget elementor-widget-spacer\" data-id=\"2fa3fc1\" data-element_type=\"widget\" data-widget_type=\"spacer.default\">\n\t\t\t\t<div class=\"elementor-widget-container\">\n\t\t\t\t\t<div class=\"elementor-spacer\">\n\t\t\t<div class=\"elementor-spacer-inner\"><\/div>\n\t\t<\/div>\n\t\t\t\t<\/div>\n\t\t\t\t<\/div>\n\t\t\t\t\t<\/div>\n\t\t\t\t<\/div>\n\t\t\t\t<\/div>","protected":false},"excerpt":{"rendered":"<p>GDPR policy BUNIQ and GDPR General Data Protection Regulation for services offered by BUNIQ The European Regulation on the protection of personal data No. 679\/2016 (GDPR) aims to modernize and harmonize the data protection strategy across all European Union countries. BUNIQ ensures its Clients and Users the correct application of the GDPR provisions for the [&hellip;]<\/p>","protected":false},"author":1,"featured_media":0,"parent":0,"menu_order":0,"comment_status":"closed","ping_status":"closed","template":"template-home.php","meta":{"footnotes":""},"class_list":["post-21725","page","type-page","status-publish","hentry"],"aioseo_notices":[],"_links":{"self":[{"href":"https:\/\/www.buniq.it\/it\/wp-json\/wp\/v2\/pages\/21725","targetHints":{"allow":["GET"]}}],"collection":[{"href":"https:\/\/www.buniq.it\/it\/wp-json\/wp\/v2\/pages"}],"about":[{"href":"https:\/\/www.buniq.it\/it\/wp-json\/wp\/v2\/types\/page"}],"author":[{"embeddable":true,"href":"https:\/\/www.buniq.it\/it\/wp-json\/wp\/v2\/users\/1"}],"replies":[{"embeddable":true,"href":"https:\/\/www.buniq.it\/it\/wp-json\/wp\/v2\/comments?post=21725"}],"version-history":[{"count":20,"href":"https:\/\/www.buniq.it\/it\/wp-json\/wp\/v2\/pages\/21725\/revisions"}],"predecessor-version":[{"id":21908,"href":"https:\/\/www.buniq.it\/it\/wp-json\/wp\/v2\/pages\/21725\/revisions\/21908"}],"wp:attachment":[{"href":"https:\/\/www.buniq.it\/it\/wp-json\/wp\/v2\/media?parent=21725"}],"curies":[{"name":"wp","href":"https:\/\/api.w.org\/{rel}","templated":true}]}}